{"id":3,"date":"2021-12-22T12:43:07","date_gmt":"2021-12-22T11:43:07","guid":{"rendered":"https:\/\/www.f22aligner.com\/f22\/?page_id=3"},"modified":"2023-04-26T14:34:35","modified_gmt":"2023-04-26T12:34:35","slug":"privacy-policy","status":"publish","type":"page","link":"https:\/\/www.f22aligner.com\/it\/privacy-policy\/","title":{"rendered":"Privacy policy"},"content":{"rendered":"<p><strong>INFORMATIVA SUL TRATTAMENTO DEI DATI PERSONALI <\/strong><em>(artt. 13 e 14 Reg. UE 2016\/679 e del D.lgs 196\/2003 e smi)<\/em><\/p>\n<p>Gentile Utente, di seguito le forniamo alcune informazioni che \u00e8 necessario portare alla sua conoscenza, non solo per ottemperare agli obblighi di legge, ma anche perch\u00e9 la trasparenza e la correttezza nei suoi confronti e nei confronti di tutti gli Interessati \u00e8 parte fondante della nostra attivit\u00e0.<\/p>\n<p>Questa informativa descrive le modalit\u00e0 di trattamento dei dati personali degli utenti che consultano il sito web <a href=\"https:\/\/www.f22aligner.com\"><strong>www.f22aligner.com<\/strong><\/a>, accessibili per via telematica.<\/p>\n<p>Le presenti informazioni non riguardano altri siti, pagine o servizi online raggiungibili tramite link ipertestuali eventualmente pubblicati nei siti ma riferiti a risorse esterne ai presenti domini.<\/p>\n<p>&nbsp;<\/p>\n<p><strong>TITOLARE DEL TRATTAMENTO <\/strong><\/p>\n<p>Il Titolare del Trattamento (il soggetto che decide finalit\u00e0 e modalit\u00e0 del trattamento dei suoi dati personali) \u00e8 individuato, secondo la definizione di \u201cgruppo imprenditoriale\u201d di cui all\u2019art. 4.19 Reg. UE 679\/2016, nella persona della capogruppo Sweden &amp; Martina S.p.A. (00401550280) responsabile nei suoi confronti del legittimo e corretto uso dei suoi dati personali e che potr\u00e0 contattare per qualsiasi informazione o richiesta ai seguenti recapiti:<\/p>\n<p>Email: <a href=\"mailto:privacy@sweden-martina.com\">privacy@sweden-martina.com<\/a> \u2013 tel: +39 0499124300 \u2013 indirizzo: Via Veneto, 10 &#8211; 35020 Due Carrare PD, IT<\/p>\n<p>Per i trattamenti che includono la pubblicazione di contenuti nei social network Titolare ha concluso degli accordi standard di contitolarit\u00e0 con i titolari delle piattaforme social.<\/p>\n<p>&nbsp;<\/p>\n<p><strong>RESPONSABILE DELLA PROTEZIONE DEI DATI PERSONALI<\/strong><\/p>\n<p>Il Titolare ha designato un responsabile della protezione dei dati personali (DPO), reperibile ai contatti di seguito riportati: email: dpo@sweden-martina.com \u2013 PEC: dataprotectionofficer@pec.it<\/p>\n<p>&nbsp;<\/p>\n<p><strong>CATEGORIE E FONTE DEI DATI<\/strong><\/p>\n<p>Per i trattamenti il Titolare tratter\u00e0 dati comuni, quali: dati relativi alla fornitura di un servizio di comunicazione elettronica (come dati di traffico, l\u2019indirizzo IP, nomi a domino dei computer, ecc.), dati anagrafici, dati di contatto, ogni altro dato che viene eventualmente fornito volontariamente dall\u2019utente al Titolare.<\/p>\n<p>Quanto alla fonte, i dati personali li raccogliamo presso l\u2019interessato durante la navigazione nel sito web o tramite le comunicazioni dallo stesso inviate e\/o da fonti accessibili al pubblico quali Social Network o siti web.<\/p>\n<p>&nbsp;<\/p>\n<p><strong>CONFERIMENTO<\/strong><\/p>\n<p>Laddove segnalato, il conferimento dei suoi dati \u00e8 requisito necessario per perseguire le finalit\u00e0 di seguito indicate. Il mancato conferimento dei dati obbligatori potrebbe comportare conseguenze giuridiche e contrattuali, mentre il mancato conferimento dei dati facoltativi potrebbe comportare l\u2019impossibilit\u00e0 di eseguire il trattamento oppure una sua esecuzione parziale. Pertanto, in caso di mancato conferimento, l\u2019interessato potrebbe non ottenere il risultato atteso o ottenerlo solo parzialmente.<\/p>\n<p>&nbsp;<\/p>\n<p><strong>TRATTAMENTI <\/strong><\/p>\n<p>I suoi dati personali sono raccolti e trattati, con modalit\u00e0 automatizzate, semiautomatizzate e non automatizzate, come di seguito specificato. Al tempo di conservazione di volta in volta indicato deve comunque essere aggiunto quello necessario per il maturarsi dei termini prescrizionali in relazione ai reciproci diritti e al tempo di conservazione dei backup.<\/p>\n<p>&nbsp;<\/p>\n<p>Trattiamo i suoi dati al fine di eseguire delle <strong>misure precontrattuali<\/strong> adottate su sua richiesta o per eseguire un <strong>contratto<\/strong> di cui lei \u00e8 parte, nello specifico:<\/p>\n<ul>\n<li>gestione della clientela, dare seguito alle richieste del cliente o del potenziale cliente e gestire gli adempimenti precontrattuali o contrattuali (conserveremo i dati per 10 anni dall\u2019anno di contatto o dalla cessazione dell&#8217;ultimo contratto);<\/li>\n<li>attivit\u00e0 commerciale volta all&#8217;offerta di beni e servizi (conserveremo i dati per 10 anni dall&#8217;anno di competenza)<\/li>\n<li>gestione dei cookie e servizi di terze parti per consentire la piena fruizione delle funzionalit\u00e0 del sito web (conserveremo i dati per il tempo descritto per ogni cookie).<\/li>\n<\/ul>\n<p>&nbsp;<\/p>\n<p>Trattiamo i suoi dati al fine di eseguire un <strong>obbligo di legge<\/strong> cui \u00e8 sottoposto il Titolare, nello specifico:<\/p>\n<ul>\n<li>gestione e manutenzione della rete e dei sistemi informatici (conserveremo i dati per 18 mesi dalla cessazione del rapporto contrattuale per quanto concerne gli adempimenti in materia di amministratori di sistema);<\/li>\n<li>garantire la compliance aziendale, es. gestire gli adempimenti in materia di protezione dei dati personali (conserveremo i dati per il tempo strettamente necessario all&#8217;attuazione della finalit\u00e0).<\/li>\n<\/ul>\n<p>&nbsp;<\/p>\n<p>Trattiamo i suoi dati al fine di perseguire un <strong>legittimo interesse <\/strong>del Titolare, nello specifico:<\/p>\n<ul>\n<li>rilevazione grado di soddisfazione del cliente (conserveremo i dati per 10 anni dall\u2019anno di contatto o dalla cessazione dell&#8217;ultimo contratto);<\/li>\n<li>attivit\u00e0 commerciale volta all&#8217;offerta di beni e servizi (conserveremo i dati per 10 anni dall&#8217;anno di competenza);<\/li>\n<li>gestione recensioni per pubblicizzare le attivit\u00e0 ed i servizi del Titolare (conserveremo i dati fino a 10 anni dalla pubblicazione della recensione);<\/li>\n<li>garantire la compliance aziendale, es. prevenire la commissione di illeciti penali a vantaggio o nell&#8217;interesse dell&#8217;ente (conserveremo i dati per il tempo strettamente necessario all&#8217;attuazione della finalit\u00e0)<\/li>\n<li>per gestire e fare la manutenzione della Rete e dei sistemi informatici (conserveremo i dati per 10 anni dall&#8217;anno di cessazione del rapporto contrattuale per gli account, le password e gli username)<\/li>\n<li>per prevenire e\/o rilevare eventuali abusi e difendere i nostri diritti e i nostri interessi in giudizio o nelle fasi propedeutiche alla sua eventuale instaurazione (conserviamo i dati finch\u00e9 la finalit\u00e0 di trattamento non verr\u00e0 meno).<\/li>\n<\/ul>\n<p>&nbsp;<\/p>\n<p>Trattiamo i suoi dati sulla base del suo <strong>consenso<\/strong> per alcune finalit\u00e0, nello specifico:<\/p>\n<ul>\n<li>gestione dei cookie e servizi di terze parti per consentire l&#8217;analisi del sito web e l&#8217;ottimizzazione ai fini di garantirne l&#8217;usabilit\u00e0, mostrare contenuti di terze parti relativi ai social media (es. YouTube e FaceBook) e\/o mostrare pubblicit\u00e0 di terze parti in base agli interessi dell\u2019utente (conserveremo i dati per il tempo descritto per ogni cookie)<\/li>\n<li>gestione di recensioni per pubblicizzare le attivit\u00e0 ed i servizi del Titolare (conserveremo i dati fino a 10 anni dall&#8217;anno di revoca del consenso ovvero dalla pubblicazione della recensione).<\/li>\n<\/ul>\n<p>&nbsp;<\/p>\n<p>Qualora non voglia fornire il suo consenso, non potremo trattare i suoi dati personali. Inoltre, potr\u00e0 revocare il suo consenso in ogni momento, contattando il Titolare ai dati di contatto sopraindicati o tramite il banner cookie.<\/p>\n<p>&nbsp;<\/p>\n<p><strong>PROCESSI AUTOMATIZZATI E PROFILAZIONE<\/strong><\/p>\n<p>La informiamo che per il perseguimento di alcune delle finalit\u00e0 sopraindicate facciamo uso di processi automatizzati (processi decisionali svolti tramite l\u2019utilizzo di strumenti tecnologici, senza intervento umano), tra questi \u00e8 inclusa la profilazione, quindi la raccolta di informazioni sul suo conto al fine di analizzare le sue caratteristiche e inserirla in categorie, gruppi o poter fare delle valutazioni, come l\u2019invio di materiale pubblicitario personalizzato sulla base delle sue precedenti scelte di consumo, o delle previsioni.<\/p>\n<p>&nbsp;<\/p>\n<p><strong>COMUNICAZIONE DEI DATI<\/strong><\/p>\n<p>I suoi dati personali saranno comunicati, per le finalit\u00e0 dichiarate, esclusivamente a soggetti che svolgano attivit\u00e0 per conto nostro, nominati responsabili del trattamento. Su esplicita richiesta, i suoi dati personali potranno essere comunicati ad autorit\u00e0 pubbliche. Laddove debitamente segnalato, i dati potranno essere oggetto di diffusione.<\/p>\n<p>&nbsp;<\/p>\n<p><strong>TRASFERIMEMENTO DEI DATI EXTRA-UE<\/strong><\/p>\n<p>Sebbene facciamo il possibile per scegliere servizi che riducano al minimo i trattamenti di dati personali dei nostri utenti, il trattamento dei suoi dati personali per le finalit\u00e0 di cui sopra che preveda l\u2019impiego di cookie ed altri strumenti di tracciamento potrebbe comportare il trasferimento di alcuni dati, che possono identificarla solo indirettamente, in paesi che si trovino al di fuori del territorio dell\u2019UE o della Spazio Economico Europeo (SEE), in particolare verso gli Stati Uniti dove potrebbe non godere di analoghi diritti e tutele quali quelle garantite nel territorio dell\u2019Unione. Pertanto, nel dare il suo consenso al tracciamento per il tramite di cookie, per finalit\u00e0 di analisi statistica e pubblicitarie, anche con profilazione, acconsente a che i suoi dati siano potenzialmente oggetto di trattamento anche fuori dall\u2019UE\/SEE.<\/p>\n<p>Per le altre finalit\u00e0 sopra descritte, i suoi dati personali non saranno oggetto di trasferimento verso paesi che si trovino fuori dall\u2019UE o dallo Spazio Economico Europeo. Qualora ci\u00f2 si renda necessario, il trasferimento avverr\u00e0 solo in presenza di garanzie adeguate nel rispetto della normativa vigente.<\/p>\n<p>&nbsp;<\/p>\n<p><strong>I SUOI DIRITTI<\/strong><\/p>\n<p>Come interessato ha il diritto, secondo quanto previsto dagli artt. 15 e seguenti del Reg. UE 2016\/679 di richiedere al Titolare l&#8217;accesso ai suoi dati personali, nonch\u00e9 la loro rettifica e cancellazione o oblio. Ha inoltre diritto di chiedere la portabilit\u00e0 dei dati, la limitazione del trattamento o di opporti allo stesso. Ancora, l\u2019interessato ha il diritto di prendere visione dei contenuti essenziali dell\u2019accordo di contitolarit\u00e0.<\/p>\n<p>Per i trattamenti basati sul consenso, l\u2019interessato ha diritto in ogni momento di revocare il suo consenso, senza pregiudicare la liceit\u00e0 del trattamento basata sul consenso prestato prima della revoca. Per esercitare i suoi diritti o per chiedere informazioni aggiuntive, pu\u00f2 rivolgersi al Titolare tramite le informazioni di contatto soprariportate.<\/p>\n<p>Da ultimo, pu\u00f2 proporre reclamo dinanzi all\u2019Autorit\u00e0 Garante per la protezione dei dati personali, con sede in Piazza Venezia 11, 00187 \u2013 Roma \u2013 <a href=\"mailto:protocollo@pec.gdpd.it\">protocollo@pec.gdpd.it<\/a>.<\/p>\n<p>&nbsp;<\/p>\n<p><strong>MINORI<\/strong><\/p>\n<p>Il sito e i servizi collegati non sono diretti a minori, in quanto rivolto alle categorie di professionisti indicate al momento dell\u2019accesso ai contenuti del sito web. Qualora si apprenda dell\u2019inconsapevole raccolta di informazioni da o su minori, il Titolare del Sito prender\u00e0 misure ragionevoli per eliminarle non appena possibile, a meno che non sussista un obbligo legale di conservarle. Il Sito esaminer\u00e0 ogni segnalazione sulla raccolta inconsapevole di informazioni da o su un minore; l\u2019utente si impegna a non inserire dati riguardanti minori e a segnalarne la raccolta accidentale derivante dall\u2019utilizzo dei nostri servizi. Si informa, inoltre, quanto all\u2019utente maggiorenne, ma non appartenente alle categorie di cui sopra, che il Titolare non si assume alcuna responsabilit\u00e0 in ordine alla mancata appartenenza alle stesse.<\/p>\n<p>&nbsp;<\/p>\n<p><strong>MODIFICHE<\/strong><\/p>\n<p>Ci riserviamo il diritto di apportare modifiche alla presente privacy policy in qualsiasi momento, dandone notizia agli Utenti su questa pagina. I visitatori sono quindi invitati a consultare spesso questa pagina, tenendo come riferimento la data dell\u2019ultima modifica indicata in fondo.<\/p>\n<p>&nbsp;<\/p>\n<p>Ultimo aggiornamento 10\/03\/2023<\/p>\n<p><strong>\u00a0<\/strong><\/p>\n<p><strong>\u00a0<\/strong><\/p>\n<p><strong>COOKIE<\/strong><\/p>\n<p>I web cookie possono essere definiti come stringhe di testo di piccole dimensioni che i siti da lei visitati inviano al suo terminale (tipicamente al browser), dove vengono memorizzati per essere poi ritrasmessi agli stessi siti alla successiva visita che far\u00e0. Nel sito sono presenti i cookie e\/o altri strumenti informatici analoghi di seguito elencati. \u00c8 possibile accettare, rifiutare o modificare le preferenze circa l\u2019installazione dei cookie tramite l\u2019apposito banner\/icona che appare in homepage o tramite le preferenze del browser utilizzato o ancora visitando il sito youronlinechoises.eu. Modificando i parametri relativi ai cookie potrebbero verificarsi limitazioni nella visualizzazione o nelle funzioni offerte da questo sito.<\/p>\n<p>&nbsp;<\/p>\n<p>Pu\u00f2 trovare l\u2019elenco completo dei cookie in uso nel banner cookie e nel pop-up disponibile su ciascuna pagina del sito web.<\/p>\n<p>&nbsp;<\/p>\n<p>Ultimo aggiornamento 10\/03\/2023<\/p>\n<p>&nbsp;<\/p>\n<p><strong>Servizi di terze parti<\/strong><\/p>\n<p>Sempre per garantire la massima trasparenza, elenchiamo di seguito i servizi utilizzati, che non basino il loro funzionamento sull\u2019utilizzo di cookie o altri strumenti di tracciamento:<\/p>\n<table style=\"height: 234px;\" width=\"937\">\n<tbody>\n<tr>\n<td width=\"18%\"><strong>Servizio<\/strong><\/td>\n<td width=\"81%\"><strong>Descrizione<\/strong><\/td>\n<\/tr>\n<tr>\n<td width=\"18%\">Google Recaptcha<\/td>\n<td width=\"81%\">reCAPTCHA \u00e8 un sistema CAPTCHA che consente agli host web di distinguere tra accesso umano e automatizzato ai siti web<\/td>\n<\/tr>\n<tr>\n<td width=\"18%\">Google Font<\/td>\n<td width=\"81%\">Google Fonts \u00e8 una libreria di font con licenza libera, una directory web interattiva per navigare nella libreria e API per utilizzare comodamente i caratteri tramite CSS e Android<\/td>\n<\/tr>\n<tr>\n<td width=\"18%\">Google Maps<\/td>\n<td width=\"81%\">\u00c8 un servizio internet geografico sviluppato da Google che consente la ricerca e la visualizzazione delle localit\u00e0 oggetto di interesse<\/td>\n<\/tr>\n<tr>\n<td width=\"18%\">Youtube<\/td>\n<td width=\"81%\">\u00c8 un servizio per la riproduzione di video in streaming<\/td>\n<\/tr>\n<\/tbody>\n<\/table>\n","protected":false},"excerpt":{"rendered":"<p>INFORMATIVA SUL TRATTAMENTO DEI DATI PERSONALI (artt. 13 e 14 Reg. UE 2016\/679 e del D.lgs 196\/2003 e smi) Gentile Utente, di seguito le forniamo alcune informazioni che \u00e8 necessario portare alla sua conoscenza, non solo per ottemperare agli obblighi di legge, ma anche perch\u00e9 la trasparenza e la correttezza nei suoi confronti e nei [&hellip;]<\/p>\n","protected":false},"author":2,"featured_media":0,"parent":0,"menu_order":999,"comment_status":"closed","ping_status":"closed","template":"","meta":{"footnotes":""},"class_list":["post-3","page","type-page","status-publish","hentry"],"acf":[],"yoast_head":"<!-- This site is optimized with the Yoast SEO plugin v21.9.1 - https:\/\/yoast.com\/wordpress\/plugins\/seo\/ -->\n<title>Privacy policy - F22 Aligner<\/title>\n<meta name=\"robots\" content=\"index, follow, max-snippet:-1, max-image-preview:large, max-video-preview:-1\" \/>\n<link rel=\"canonical\" href=\"https:\/\/www.f22aligner.com\/it\/privacy-policy\/\" \/>\n<meta property=\"og:locale\" content=\"it_IT\" \/>\n<meta property=\"og:type\" content=\"article\" \/>\n<meta property=\"og:title\" content=\"Privacy policy - F22 Aligner\" \/>\n<meta property=\"og:description\" content=\"INFORMATIVA SUL TRATTAMENTO DEI DATI PERSONALI (artt. 13 e 14 Reg. UE 2016\/679 e del D.lgs 196\/2003 e smi) Gentile Utente, di seguito le forniamo alcune informazioni che \u00e8 necessario portare alla sua conoscenza, non solo per ottemperare agli obblighi di legge, ma anche perch\u00e9 la trasparenza e la correttezza nei suoi confronti e nei [&hellip;]\" \/>\n<meta property=\"og:url\" content=\"https:\/\/www.f22aligner.com\/it\/privacy-policy\/\" \/>\n<meta property=\"og:site_name\" content=\"F22 Aligner\" \/>\n<meta property=\"article:publisher\" content=\"https:\/\/www.facebook.com\/f22aligner\/\" \/>\n<meta property=\"article:modified_time\" content=\"2023-04-26T12:34:35+00:00\" \/>\n<meta name=\"twitter:card\" content=\"summary_large_image\" \/>\n<meta name=\"twitter:label1\" content=\"Tempo di lettura stimato\" \/>\n\t<meta name=\"twitter:data1\" content=\"9 minuti\" \/>\n<script type=\"application\/ld+json\" class=\"yoast-schema-graph\">{\"@context\":\"https:\/\/schema.org\",\"@graph\":[{\"@type\":\"WebPage\",\"@id\":\"https:\/\/www.f22aligner.com\/it\/privacy-policy\/\",\"url\":\"https:\/\/www.f22aligner.com\/it\/privacy-policy\/\",\"name\":\"Privacy policy - F22 Aligner\",\"isPartOf\":{\"@id\":\"https:\/\/www.f22aligner.com\/it\/#website\"},\"datePublished\":\"2021-12-22T11:43:07+00:00\",\"dateModified\":\"2023-04-26T12:34:35+00:00\",\"breadcrumb\":{\"@id\":\"https:\/\/www.f22aligner.com\/it\/privacy-policy\/#breadcrumb\"},\"inLanguage\":\"it-IT\",\"potentialAction\":[{\"@type\":\"ReadAction\",\"target\":[\"https:\/\/www.f22aligner.com\/it\/privacy-policy\/\"]}]},{\"@type\":\"BreadcrumbList\",\"@id\":\"https:\/\/www.f22aligner.com\/it\/privacy-policy\/#breadcrumb\",\"itemListElement\":[{\"@type\":\"ListItem\",\"position\":1,\"name\":\"Home\",\"item\":\"https:\/\/www.f22aligner.com\/it\/\"},{\"@type\":\"ListItem\",\"position\":2,\"name\":\"Privacy policy\"}]},{\"@type\":\"WebSite\",\"@id\":\"https:\/\/www.f22aligner.com\/it\/#website\",\"url\":\"https:\/\/www.f22aligner.com\/it\/\",\"name\":\"F22 Aligner\",\"description\":\"Apparecchi dentali invisibili\",\"publisher\":{\"@id\":\"https:\/\/www.f22aligner.com\/it\/#organization\"},\"inLanguage\":\"it-IT\"},{\"@type\":\"Organization\",\"@id\":\"https:\/\/www.f22aligner.com\/it\/#organization\",\"name\":\"F22 Aligner\",\"url\":\"https:\/\/www.f22aligner.com\/it\/\",\"logo\":{\"@type\":\"ImageObject\",\"inLanguage\":\"it-IT\",\"@id\":\"https:\/\/www.f22aligner.com\/it\/#\/schema\/logo\/image\/\",\"url\":\"https:\/\/www.f22aligner.com\/wp-content\/uploads\/2021\/12\/favicon.png\",\"contentUrl\":\"https:\/\/www.f22aligner.com\/wp-content\/uploads\/2021\/12\/favicon.png\",\"width\":512,\"height\":512,\"caption\":\"F22 Aligner\"},\"image\":{\"@id\":\"https:\/\/www.f22aligner.com\/it\/#\/schema\/logo\/image\/\"},\"sameAs\":[\"https:\/\/www.facebook.com\/f22aligner\/\",\"https:\/\/www.instagram.com\/f22aligner\/\"]}]}<\/script>\n<!-- \/ Yoast SEO plugin. -->","yoast_head_json":{"title":"Privacy policy - F22 Aligner","robots":{"index":"index","follow":"follow","max-snippet":"max-snippet:-1","max-image-preview":"max-image-preview:large","max-video-preview":"max-video-preview:-1"},"canonical":"https:\/\/www.f22aligner.com\/it\/privacy-policy\/","og_locale":"it_IT","og_type":"article","og_title":"Privacy policy - F22 Aligner","og_description":"INFORMATIVA SUL TRATTAMENTO DEI DATI PERSONALI (artt. 13 e 14 Reg. UE 2016\/679 e del D.lgs 196\/2003 e smi) Gentile Utente, di seguito le forniamo alcune informazioni che \u00e8 necessario portare alla sua conoscenza, non solo per ottemperare agli obblighi di legge, ma anche perch\u00e9 la trasparenza e la correttezza nei suoi confronti e nei [&hellip;]","og_url":"https:\/\/www.f22aligner.com\/it\/privacy-policy\/","og_site_name":"F22 Aligner","article_publisher":"https:\/\/www.facebook.com\/f22aligner\/","article_modified_time":"2023-04-26T12:34:35+00:00","twitter_card":"summary_large_image","twitter_misc":{"Tempo di lettura stimato":"9 minuti"},"schema":{"@context":"https:\/\/schema.org","@graph":[{"@type":"WebPage","@id":"https:\/\/www.f22aligner.com\/it\/privacy-policy\/","url":"https:\/\/www.f22aligner.com\/it\/privacy-policy\/","name":"Privacy policy - F22 Aligner","isPartOf":{"@id":"https:\/\/www.f22aligner.com\/it\/#website"},"datePublished":"2021-12-22T11:43:07+00:00","dateModified":"2023-04-26T12:34:35+00:00","breadcrumb":{"@id":"https:\/\/www.f22aligner.com\/it\/privacy-policy\/#breadcrumb"},"inLanguage":"it-IT","potentialAction":[{"@type":"ReadAction","target":["https:\/\/www.f22aligner.com\/it\/privacy-policy\/"]}]},{"@type":"BreadcrumbList","@id":"https:\/\/www.f22aligner.com\/it\/privacy-policy\/#breadcrumb","itemListElement":[{"@type":"ListItem","position":1,"name":"Home","item":"https:\/\/www.f22aligner.com\/it\/"},{"@type":"ListItem","position":2,"name":"Privacy policy"}]},{"@type":"WebSite","@id":"https:\/\/www.f22aligner.com\/it\/#website","url":"https:\/\/www.f22aligner.com\/it\/","name":"F22 Aligner","description":"Apparecchi dentali invisibili","publisher":{"@id":"https:\/\/www.f22aligner.com\/it\/#organization"},"inLanguage":"it-IT"},{"@type":"Organization","@id":"https:\/\/www.f22aligner.com\/it\/#organization","name":"F22 Aligner","url":"https:\/\/www.f22aligner.com\/it\/","logo":{"@type":"ImageObject","inLanguage":"it-IT","@id":"https:\/\/www.f22aligner.com\/it\/#\/schema\/logo\/image\/","url":"https:\/\/www.f22aligner.com\/wp-content\/uploads\/2021\/12\/favicon.png","contentUrl":"https:\/\/www.f22aligner.com\/wp-content\/uploads\/2021\/12\/favicon.png","width":512,"height":512,"caption":"F22 Aligner"},"image":{"@id":"https:\/\/www.f22aligner.com\/it\/#\/schema\/logo\/image\/"},"sameAs":["https:\/\/www.facebook.com\/f22aligner\/","https:\/\/www.instagram.com\/f22aligner\/"]}]}},"_links":{"self":[{"href":"https:\/\/www.f22aligner.com\/it\/wp-json\/wp\/v2\/pages\/3","targetHints":{"allow":["GET"]}}],"collection":[{"href":"https:\/\/www.f22aligner.com\/it\/wp-json\/wp\/v2\/pages"}],"about":[{"href":"https:\/\/www.f22aligner.com\/it\/wp-json\/wp\/v2\/types\/page"}],"author":[{"embeddable":true,"href":"https:\/\/www.f22aligner.com\/it\/wp-json\/wp\/v2\/users\/2"}],"replies":[{"embeddable":true,"href":"https:\/\/www.f22aligner.com\/it\/wp-json\/wp\/v2\/comments?post=3"}],"version-history":[{"count":9,"href":"https:\/\/www.f22aligner.com\/it\/wp-json\/wp\/v2\/pages\/3\/revisions"}],"predecessor-version":[{"id":2747,"href":"https:\/\/www.f22aligner.com\/it\/wp-json\/wp\/v2\/pages\/3\/revisions\/2747"}],"wp:attachment":[{"href":"https:\/\/www.f22aligner.com\/it\/wp-json\/wp\/v2\/media?parent=3"}],"curies":[{"name":"wp","href":"https:\/\/api.w.org\/{rel}","templated":true}]}}