{"id":61,"date":"2021-12-22T16:33:43","date_gmt":"2021-12-22T15:33:43","guid":{"rendered":"https:\/\/www.f22aligner.com\/f22\/cookie-policy\/"},"modified":"2022-07-20T16:43:13","modified_gmt":"2022-07-20T14:43:13","slug":"politica-de-cookies","status":"publish","type":"page","link":"https:\/\/www.f22aligner.com\/es\/politica-de-cookies\/","title":{"rendered":"Pol\u00edtica de cookies"},"content":{"rendered":"<p class=\"p1\"><b>POL\u00cdTICA DE COOKIES<\/b><\/p>\n<p class=\"p1\">Las cookies de la web pueden definirse como peque\u00f1as cadenas de texto que los sitios visitados por el usuario env\u00edan al terminal del usuario (normalmente al navegador), donde se almacenan para ser retransmitidas a los mismos sitios la pr\u00f3xima vez que el mismo usuario los visite. El responsable del tratamiento de datos de este sitio declara que utiliza cookies y\/u otras herramientas inform\u00e1ticas similares para permitir y optimizar la visualizaci\u00f3n de las p\u00e1ginas web y los elementos contenidos en ellas, o con fines estad\u00edsticos, de forma totalmente an\u00f3nima.<span class=\"Apple-converted-space\">\u00a0<\/span><\/p>\n<p class=\"p1\">La informaci\u00f3n recogida por estas herramientas puede referirse, a modo de ejemplo, a:<\/p>\n<p class=\"p1\">(a) el tipo de navegador utilizado (por ejemplo, Internet Explorer; Google Chrome; Firefox, etc.);<br \/>\n(b) el nombre del sitio desde el que el usuario accede a Internet;<br \/>\n(c) el sitio web desde el que el usuario lleg\u00f3 al sitio;<br \/>\n(d) la fecha, la hora y la zona de acceso;<br \/>\n(e) las p\u00e1ginas que se han visitado.<\/p>\n<p class=\"p1\">Tenga en cuenta que este sitio web utiliza cookies de terceros con fines de elaboraci\u00f3n de perfiles, publicidad o geolocalizaci\u00f3n o bien otras herramientas inform\u00e1ticas similares con el fin de adquirir datos del usuario con fines puramente publicitarios.<\/p>\n<p class=\"p1\">En cualquier caso, el usuario podr\u00e1 definir diferentes opciones relativas a las cookies modificando las opciones de navegaci\u00f3n de su navegador, respetando las modalidades y los l\u00edmites otorgados por \u00e9ste.<\/p>\n<p class=\"p1\">La modificaci\u00f3n de los par\u00e1metros del navegador puede hacerse normalmente seleccionando el elemento:<br \/>\n\u00abOpciones de Internet\u00bb o \u00abPreferencias\u00bb en el men\u00fa \u00abHerramientas\u00bb o \u00abVer\u00bb o \u00abEditar\u00bb y, a continuaci\u00f3n, seleccionar la entrada: \u00abPrivacidad\u00bb o \u00abProtecci\u00f3n\u00bb o \u00abDescarga de archivos\u00bb, y luego eligiendo la configuraci\u00f3n que prefieras. Teniendo en cuenta los numerosos navegadores que se utilizan hoy en d\u00eda, es oportuno remitir a las instrucciones y manuales caracter\u00edsticos de cada programa para navegar en la red.<\/p>\n<p class=\"p1\">Este sitio emplea cookies destinadas a recopilar datos estad\u00edsticos de forma agregada y an\u00f3nima (cookie analytics) con el uso de Google Analytics; adem\u00e1s, con el fin de ofrecer al usuario una mejor experiencia de navegaci\u00f3n, promover productos o servicios y proteger el sitio de actividades da\u00f1inas y spam, se pueden instalar otras herramientas inform\u00e1ticas en el ordenador del usuario (exclusivamente por parte de terceros) tambi\u00e9n con fines de elaboraci\u00f3n de perfiles, publicidad o geolocalizaci\u00f3n, que pueden remitir a los siguientes terceros:<\/p>\n<table class=\"c52\">\n<tbody>\n<tr class=\"c2\">\n<td class=\"c44\" colspan=\"1\" rowspan=\"1\">\n<p class=\"c6\"><span class=\"c8\">Cookie <\/span><\/p>\n<\/td>\n<td class=\"c43\" colspan=\"1\" rowspan=\"1\">\n<p class=\"c6\"><span class=\"c8\">Dominio <\/span><\/p>\n<\/td>\n<td class=\"c40\" colspan=\"1\" rowspan=\"1\">\n<p class=\"c6\"><span class=\"c8\">Tipo<\/span><\/p>\n<\/td>\n<td class=\"c49\" colspan=\"1\" rowspan=\"1\">\n<p class=\"p1\">Descripci\u00f3n<\/p>\n<\/td>\n<td class=\"c26\" colspan=\"1\" rowspan=\"1\">\n<p class=\"p1\">Duraci\u00f3n<\/p>\n<\/td>\n<\/tr>\n<tr class=\"c39\">\n<td class=\"c44\" colspan=\"1\" rowspan=\"1\">\n<p class=\"c12\"><span class=\"c1\">_fbp<\/span><\/p>\n<\/td>\n<td class=\"c43\" colspan=\"1\" rowspan=\"1\">\n<p class=\"c12\"><span class=\"c1\">f22aligner.com<\/span><\/p>\n<\/td>\n<td class=\"c40\" colspan=\"1\" rowspan=\"1\">\n<p class=\"c12\"><span class=\"c1\">Annuncio<\/span><\/p>\n<\/td>\n<td class=\"c49\" colspan=\"1\" rowspan=\"1\">\n<p class=\"p1\">Esta cookie es instalada por Facebook para visualizar anuncios cuando uno est\u00e1 en Facebook o en una plataforma digital con publicidad de Facebook, despu\u00e9s de visitar el sitio web.<\/p>\n<\/td>\n<td class=\"c26\" colspan=\"1\" rowspan=\"1\">\n<p class=\"c12\"><span class=\"c1\">3 meses<\/span><\/p>\n<\/td>\n<\/tr>\n<tr class=\"c2\">\n<td class=\"c24\" colspan=\"1\" rowspan=\"1\">\n<p class=\"c12\"><span class=\"c1\">fr<\/span><\/p>\n<\/td>\n<td class=\"c30\" colspan=\"1\" rowspan=\"1\">\n<p class=\"c12\"><span class=\"c1\">facebook.com<\/span><\/p>\n<\/td>\n<td class=\"c34\" colspan=\"1\" rowspan=\"1\">\n<p class=\"c12\"><span class=\"c1\">Annuncio<\/span><\/p>\n<\/td>\n<td class=\"c13\" colspan=\"1\" rowspan=\"1\">\n<p class=\"p1\">Facebook establece esta cookie para mostrar anuncios relevantes a los usuarios mediante el seguimiento del comportamiento del usuario en la web, en sitios que tienen p\u00edxeles de Facebook o plug-ins sociales de Facebook.<\/p>\n<\/td>\n<td class=\"c25\" colspan=\"1\" rowspan=\"1\">\n<p class=\"c12\"><span class=\"c1\">3 meses<\/span><\/p>\n<\/td>\n<\/tr>\n<tr class=\"c2\">\n<td class=\"c24\" colspan=\"1\" rowspan=\"1\">\n<p class=\"c12\"><span class=\"c1\">_ga<\/span><\/p>\n<\/td>\n<td class=\"c30\" colspan=\"1\" rowspan=\"1\">\n<p class=\"c12\"><span class=\"c1\">f22aligner.com<\/span><\/p>\n<\/td>\n<td class=\"c34\" colspan=\"1\" rowspan=\"1\">\n<p class=\"p1\">Anal\u00edtica<\/p>\n<\/td>\n<td class=\"c13\" colspan=\"1\" rowspan=\"1\">\n<p class=\"p1\">La cookie _ga, instalada por Google Analytics, calcula los datos de los visitantes, de las sesiones y de las campa\u00f1as y tambi\u00e9n hace un seguimiento del uso del sitio para el informe anal\u00edtico del mismo. La cookie almacena informaci\u00f3n de forma an\u00f3nima y asigna un n\u00famero generado aleatoriamente para reconocer a los visitantes \u00fanicos.<\/p>\n<\/td>\n<td class=\"c25\" colspan=\"1\" rowspan=\"1\">\n<p class=\"c12\"><span class=\"c33\">2 <\/span>a\u00f1os<sup><a id=\"cmnt_ref1\" href=\"#cmnt1\">[a]<\/a><\/sup><\/p>\n<\/td>\n<\/tr>\n<tr class=\"c2\">\n<td class=\"c24\" colspan=\"1\" rowspan=\"1\">\n<p class=\"c12\"><span class=\"c1\">_gid<\/span><\/p>\n<\/td>\n<td class=\"c30\" colspan=\"1\" rowspan=\"1\">\n<p class=\"c12\"><span class=\"c1\">f22aligner.com<\/span><\/p>\n<\/td>\n<td class=\"c34\" colspan=\"1\" rowspan=\"1\">\n<p class=\"p1\">Anal\u00edtica<\/p>\n<\/td>\n<td class=\"c13\" colspan=\"1\" rowspan=\"1\">\n<p class=\"p1\">Instalada por Google Analytics, la cookie _gid almacena informaci\u00f3n sobre c\u00f3mo los visitantes utilizan un sitio web, creando tambi\u00e9n un informe anal\u00edtico sobre el rendimiento del sitio web. Algunos de los datos recogidos son el n\u00famero de visitantes, su procedencia y las p\u00e1ginas que visitan de forma an\u00f3nima.<\/p>\n<\/td>\n<td class=\"c25\" colspan=\"1\" rowspan=\"1\">\n<p class=\"c12\"><span class=\"c1\">1 d\u00eca<\/span><\/p>\n<\/td>\n<\/tr>\n<tr class=\"c2\">\n<td class=\"c24\" colspan=\"1\" rowspan=\"1\">\n<p class=\"c12\"><span class=\"c1\">_gat_UA-<\/span><\/p>\n<\/td>\n<td class=\"c30\" colspan=\"1\" rowspan=\"1\">\n<p class=\"c12\"><span class=\"c1\">f22aligner.com<\/span><\/p>\n<\/td>\n<td class=\"c34\" colspan=\"1\" rowspan=\"1\">\n<p class=\"p1\">Anal\u00edtica<\/p>\n<\/td>\n<td class=\"c13\" colspan=\"1\" rowspan=\"1\">\n<p class=\"p1\">Una variante de la cookie _gat establecida por Google Analytics y Google Tag Manager para permitir a los propietarios de sitios web rastrear el comportamiento de los visitantes y medir el rendimiento del sitio. El elemento modelo contiene en el nombre el n\u00famero de identidad \u00fanico de la cuenta o sitio web al que se refiere.<\/p>\n<\/td>\n<td class=\"c25\" colspan=\"1\" rowspan=\"1\">\n<p class=\"c12\"><span class=\"c1\">1 minuto<\/span><\/p>\n<\/td>\n<\/tr>\n<tr class=\"c2\">\n<td class=\"c44\" colspan=\"1\" rowspan=\"1\">\n<p class=\"c12\"><span class=\"c1\">_GRECAPTCHA<\/span><\/p>\n<\/td>\n<td class=\"c43\" colspan=\"1\" rowspan=\"1\">\n<p class=\"c12\"><span class=\"c1\">www.google.com<\/span><\/p>\n<\/td>\n<td class=\"c40\" colspan=\"1\" rowspan=\"1\">\n<p class=\"p1\">Necesaria.<\/p>\n<\/td>\n<td class=\"c49\" colspan=\"1\" rowspan=\"1\">\n<p class=\"p1\">Esta cookie es establecida por el servicio recaptcha de Google para identificar bots y proteger el sitio web de ataques da\u00f1inos de spam.<\/p>\n<\/td>\n<td class=\"c26\" colspan=\"1\" rowspan=\"1\">\n<p class=\"c12\"><span class=\"c1\">180 d\u00ecas<\/span><\/p>\n<\/td>\n<\/tr>\n<tr class=\"c2\">\n<td class=\"c44\" colspan=\"1\" rowspan=\"1\">\n<p class=\"c12\"><span class=\"c1\">Vuid<\/span><\/p>\n<\/td>\n<td class=\"c43\" colspan=\"1\" rowspan=\"1\">\n<p class=\"c12\"><span class=\"c1\">vimeo.com<\/span><\/p>\n<\/td>\n<td class=\"c40\" colspan=\"1\" rowspan=\"1\">\n<p class=\"p1\">Anal\u00edtica<\/p>\n<\/td>\n<td class=\"c49\" colspan=\"1\" rowspan=\"1\">\n<p class=\"p1\">Vimeo utiliza esta cookie para capturar informaci\u00f3n de seguimiento basada en un identificador \u00fanico para integrar v\u00eddeos<\/p>\n<\/td>\n<td class=\"c26\" colspan=\"1\" rowspan=\"1\">\n<p class=\"c12\"><span class=\"c1\">2 <\/span>a\u00f1os<\/p>\n<\/td>\n<\/tr>\n<\/tbody>\n<\/table>\n<p class=\"p1\">En relaci\u00f3n con la funci\u00f3n espec\u00edfica, la informaci\u00f3n y el consentimiento relativos a las cookies instaladas por los terceros mencionados, invitamos al usuario a visitar los sitios web de los terceros mencionados, as\u00ed como a visitar: http:\/\/www.youronlinechoices.com\/it<br \/>\nAtenci\u00f3n: cambiar la configuraci\u00f3n de la privacidad y\/o de las cookies puede limitar la visualizaci\u00f3n o las funciones ofrecidas por este sitio.<\/p>\n","protected":false},"excerpt":{"rendered":"<p>POL\u00cdTICA DE COOKIES Las cookies de la web pueden definirse como peque\u00f1as cadenas de texto que los sitios visitados por el usuario env\u00edan al terminal del usuario (normalmente al navegador), donde se almacenan para ser retransmitidas a los mismos sitios la pr\u00f3xima vez que el mismo usuario los visite. El responsable del tratamiento de datos [&hellip;]<\/p>\n","protected":false},"author":2,"featured_media":0,"parent":0,"menu_order":999,"comment_status":"closed","ping_status":"closed","template":"","meta":{"footnotes":""},"class_list":["post-61","page","type-page","status-publish","hentry"],"acf":[],"yoast_head":"<!-- This site is optimized with the Yoast SEO plugin v21.9.1 - https:\/\/yoast.com\/wordpress\/plugins\/seo\/ -->\n<title>Pol\u00edtica de cookies - F22 Aligner<\/title>\n<meta name=\"robots\" content=\"index, follow, max-snippet:-1, max-image-preview:large, max-video-preview:-1\" \/>\n<link rel=\"canonical\" href=\"https:\/\/www.f22aligner.com\/es\/politica-de-cookies\/\" \/>\n<meta property=\"og:locale\" content=\"es_ES\" \/>\n<meta property=\"og:type\" content=\"article\" \/>\n<meta property=\"og:title\" content=\"Pol\u00edtica de cookies - F22 Aligner\" \/>\n<meta property=\"og:description\" content=\"POL\u00cdTICA DE COOKIES Las cookies de la web pueden definirse como peque\u00f1as cadenas de texto que los sitios visitados por el usuario env\u00edan al terminal del usuario (normalmente al navegador), donde se almacenan para ser retransmitidas a los mismos sitios la pr\u00f3xima vez que el mismo usuario los visite. El responsable del tratamiento de datos [&hellip;]\" \/>\n<meta property=\"og:url\" content=\"https:\/\/www.f22aligner.com\/es\/politica-de-cookies\/\" \/>\n<meta property=\"og:site_name\" content=\"F22 Aligner\" \/>\n<meta property=\"article:publisher\" content=\"https:\/\/www.facebook.com\/f22aligner\/\" \/>\n<meta property=\"article:modified_time\" content=\"2022-07-20T14:43:13+00:00\" \/>\n<meta name=\"twitter:card\" content=\"summary_large_image\" \/>\n<meta name=\"twitter:label1\" content=\"Tiempo de lectura\" \/>\n\t<meta name=\"twitter:data1\" content=\"4 minutos\" \/>\n<script type=\"application\/ld+json\" class=\"yoast-schema-graph\">{\"@context\":\"https:\/\/schema.org\",\"@graph\":[{\"@type\":\"WebPage\",\"@id\":\"https:\/\/www.f22aligner.com\/es\/politica-de-cookies\/\",\"url\":\"https:\/\/www.f22aligner.com\/es\/politica-de-cookies\/\",\"name\":\"Pol\u00edtica de cookies - F22 Aligner\",\"isPartOf\":{\"@id\":\"https:\/\/www.f22aligner.com\/it\/#website\"},\"datePublished\":\"2021-12-22T15:33:43+00:00\",\"dateModified\":\"2022-07-20T14:43:13+00:00\",\"breadcrumb\":{\"@id\":\"https:\/\/www.f22aligner.com\/es\/politica-de-cookies\/#breadcrumb\"},\"inLanguage\":\"es\",\"potentialAction\":[{\"@type\":\"ReadAction\",\"target\":[\"https:\/\/www.f22aligner.com\/es\/politica-de-cookies\/\"]}]},{\"@type\":\"BreadcrumbList\",\"@id\":\"https:\/\/www.f22aligner.com\/es\/politica-de-cookies\/#breadcrumb\",\"itemListElement\":[{\"@type\":\"ListItem\",\"position\":1,\"name\":\"Home\",\"item\":\"https:\/\/www.f22aligner.com\/es\/\"},{\"@type\":\"ListItem\",\"position\":2,\"name\":\"Pol\u00edtica de cookies\"}]},{\"@type\":\"WebSite\",\"@id\":\"https:\/\/www.f22aligner.com\/it\/#website\",\"url\":\"https:\/\/www.f22aligner.com\/it\/\",\"name\":\"F22 Aligner\",\"description\":\"Apparecchi dentali invisibili\",\"publisher\":{\"@id\":\"https:\/\/www.f22aligner.com\/it\/#organization\"},\"inLanguage\":\"es\"},{\"@type\":\"Organization\",\"@id\":\"https:\/\/www.f22aligner.com\/it\/#organization\",\"name\":\"F22 Aligner\",\"url\":\"https:\/\/www.f22aligner.com\/it\/\",\"logo\":{\"@type\":\"ImageObject\",\"inLanguage\":\"es\",\"@id\":\"https:\/\/www.f22aligner.com\/it\/#\/schema\/logo\/image\/\",\"url\":\"https:\/\/www.f22aligner.com\/wp-content\/uploads\/2021\/12\/favicon.png\",\"contentUrl\":\"https:\/\/www.f22aligner.com\/wp-content\/uploads\/2021\/12\/favicon.png\",\"width\":512,\"height\":512,\"caption\":\"F22 Aligner\"},\"image\":{\"@id\":\"https:\/\/www.f22aligner.com\/it\/#\/schema\/logo\/image\/\"},\"sameAs\":[\"https:\/\/www.facebook.com\/f22aligner\/\",\"https:\/\/www.instagram.com\/f22aligner\/\"]}]}<\/script>\n<!-- \/ Yoast SEO plugin. -->","yoast_head_json":{"title":"Pol\u00edtica de cookies - F22 Aligner","robots":{"index":"index","follow":"follow","max-snippet":"max-snippet:-1","max-image-preview":"max-image-preview:large","max-video-preview":"max-video-preview:-1"},"canonical":"https:\/\/www.f22aligner.com\/es\/politica-de-cookies\/","og_locale":"es_ES","og_type":"article","og_title":"Pol\u00edtica de cookies - F22 Aligner","og_description":"POL\u00cdTICA DE COOKIES Las cookies de la web pueden definirse como peque\u00f1as cadenas de texto que los sitios visitados por el usuario env\u00edan al terminal del usuario (normalmente al navegador), donde se almacenan para ser retransmitidas a los mismos sitios la pr\u00f3xima vez que el mismo usuario los visite. El responsable del tratamiento de datos [&hellip;]","og_url":"https:\/\/www.f22aligner.com\/es\/politica-de-cookies\/","og_site_name":"F22 Aligner","article_publisher":"https:\/\/www.facebook.com\/f22aligner\/","article_modified_time":"2022-07-20T14:43:13+00:00","twitter_card":"summary_large_image","twitter_misc":{"Tiempo de lectura":"4 minutos"},"schema":{"@context":"https:\/\/schema.org","@graph":[{"@type":"WebPage","@id":"https:\/\/www.f22aligner.com\/es\/politica-de-cookies\/","url":"https:\/\/www.f22aligner.com\/es\/politica-de-cookies\/","name":"Pol\u00edtica de cookies - F22 Aligner","isPartOf":{"@id":"https:\/\/www.f22aligner.com\/it\/#website"},"datePublished":"2021-12-22T15:33:43+00:00","dateModified":"2022-07-20T14:43:13+00:00","breadcrumb":{"@id":"https:\/\/www.f22aligner.com\/es\/politica-de-cookies\/#breadcrumb"},"inLanguage":"es","potentialAction":[{"@type":"ReadAction","target":["https:\/\/www.f22aligner.com\/es\/politica-de-cookies\/"]}]},{"@type":"BreadcrumbList","@id":"https:\/\/www.f22aligner.com\/es\/politica-de-cookies\/#breadcrumb","itemListElement":[{"@type":"ListItem","position":1,"name":"Home","item":"https:\/\/www.f22aligner.com\/es\/"},{"@type":"ListItem","position":2,"name":"Pol\u00edtica de cookies"}]},{"@type":"WebSite","@id":"https:\/\/www.f22aligner.com\/it\/#website","url":"https:\/\/www.f22aligner.com\/it\/","name":"F22 Aligner","description":"Apparecchi dentali invisibili","publisher":{"@id":"https:\/\/www.f22aligner.com\/it\/#organization"},"inLanguage":"es"},{"@type":"Organization","@id":"https:\/\/www.f22aligner.com\/it\/#organization","name":"F22 Aligner","url":"https:\/\/www.f22aligner.com\/it\/","logo":{"@type":"ImageObject","inLanguage":"es","@id":"https:\/\/www.f22aligner.com\/it\/#\/schema\/logo\/image\/","url":"https:\/\/www.f22aligner.com\/wp-content\/uploads\/2021\/12\/favicon.png","contentUrl":"https:\/\/www.f22aligner.com\/wp-content\/uploads\/2021\/12\/favicon.png","width":512,"height":512,"caption":"F22 Aligner"},"image":{"@id":"https:\/\/www.f22aligner.com\/it\/#\/schema\/logo\/image\/"},"sameAs":["https:\/\/www.facebook.com\/f22aligner\/","https:\/\/www.instagram.com\/f22aligner\/"]}]}},"_links":{"self":[{"href":"https:\/\/www.f22aligner.com\/es\/wp-json\/wp\/v2\/pages\/61","targetHints":{"allow":["GET"]}}],"collection":[{"href":"https:\/\/www.f22aligner.com\/es\/wp-json\/wp\/v2\/pages"}],"about":[{"href":"https:\/\/www.f22aligner.com\/es\/wp-json\/wp\/v2\/types\/page"}],"author":[{"embeddable":true,"href":"https:\/\/www.f22aligner.com\/es\/wp-json\/wp\/v2\/users\/2"}],"replies":[{"embeddable":true,"href":"https:\/\/www.f22aligner.com\/es\/wp-json\/wp\/v2\/comments?post=61"}],"version-history":[{"count":4,"href":"https:\/\/www.f22aligner.com\/es\/wp-json\/wp\/v2\/pages\/61\/revisions"}],"predecessor-version":[{"id":2468,"href":"https:\/\/www.f22aligner.com\/es\/wp-json\/wp\/v2\/pages\/61\/revisions\/2468"}],"wp:attachment":[{"href":"https:\/\/www.f22aligner.com\/es\/wp-json\/wp\/v2\/media?parent=61"}],"curies":[{"name":"wp","href":"https:\/\/api.w.org\/{rel}","templated":true}]}}